{"id":498,"date":"2026-02-26T18:01:37","date_gmt":"2026-02-26T18:01:37","guid":{"rendered":"https:\/\/northlocusprime.com\/home-2\/"},"modified":"2026-03-27T14:42:37","modified_gmt":"2026-03-27T14:42:37","slug":"home-2","status":"publish","type":"page","link":"https:\/\/northlocusprime.com\/","title":{"rendered":""},"content":{"rendered":"\n<div class=\"wp-block-uagb-container min-height: 100vh;  \/* ekran boyu kadar uzas\u0131n *\/ background-size: cover; bo\u015fluk b\u0131rakmadan doldursun background-position: center; ortadan hizalas\u0131n background-repeat: no-repeat; padding: 0 !important; margin: display: flex; flex-direction: column; justify-content: uagb-layout-flex uagb-block-8fdafca1 alignfull uagb-is-root-container\"><div class=\"uagb-container-inner-blocks-wrap\"><\/div><\/div>\n\n\n\n<div class=\"wp-block-uagb-container uagb-block-fc3ddbf6 alignfull uagb-is-root-container\"><div class=\"uagb-container-inner-blocks-wrap\">\n<div class=\"wp-block-uagb-info-box uagb-block-5a4ae738 uagb-infobox__content-wrap  uagb-infobox-icon-above-title uagb-infobox-image-valign-top wp-block-uagb-info-box--has-margin\"><div class=\"uagb-infobox-margin-wrapper\"><div class=\"uagb-ifb-content\"><div class=\"uagb-ifb-title-wrap\"><h6 class=\"uagb-ifb-title-prefix\">Size Yard\u0131m Etmek \u0130\u00e7in Buraday\u0131z<\/h6><h2 class=\"uagb-ifb-title\">Ne ar\u0131yorsunuz?<\/h2><\/div><div class=\"uagb-ifb-separator\"><\/div><\/div><\/div><\/div>\n\n\n\n<div class=\"wp-block-uagb-container uagb-layout-grid uagb-block-2344bd45 alignfull uagb-is-root-container\"><div class=\"uagb-container-inner-blocks-wrap\">\n<div class=\"wp-block-uagb-info-box uagb-block-3b770ade uagb-infobox__content-wrap  uagb-infobox-icon-above-title uagb-infobox-image-valign-top\"><div class=\"uagb-ifb-content\"><div class=\"uagb-ifb-icon-wrap\"><svg xmlns=\"https:\/\/www.w3.org\/2000\/svg\" viewBox=\"0 0 512 512\"><path d=\"M480 0C497.7 0 512 14.33 512 32C512 49.67 497.7 64 480 64V448C497.7 448 512 462.3 512 480C512 497.7 497.7 512 480 512H304V448H208V512H32C14.33 512 0 497.7 0 480C0 462.3 14.33 448 32 448V64C14.33 64 0 49.67 0 32C0 14.33 14.33 0 32 0H480zM112 96C103.2 96 96 103.2 96 112V144C96 152.8 103.2 160 112 160H144C152.8 160 160 152.8 160 144V112C160 103.2 152.8 96 144 96H112zM224 144C224 152.8 231.2 160 240 160H272C280.8 160 288 152.8 288 144V112C288 103.2 280.8 96 272 96H240C231.2 96 224 103.2 224 112V144zM368 96C359.2 96 352 103.2 352 112V144C352 152.8 359.2 160 368 160H400C408.8 160 416 152.8 416 144V112C416 103.2 408.8 96 400 96H368zM96 240C96 248.8 103.2 256 112 256H144C152.8 256 160 248.8 160 240V208C160 199.2 152.8 192 144 192H112C103.2 192 96 199.2 96 208V240zM240 192C231.2 192 224 199.2 224 208V240C224 248.8 231.2 256 240 256H272C280.8 256 288 248.8 288 240V208C288 199.2 280.8 192 272 192H240zM352 240C352 248.8 359.2 256 368 256H400C408.8 256 416 248.8 416 240V208C416 199.2 408.8 192 400 192H368C359.2 192 352 199.2 352 208V240zM256 288C211.2 288 173.5 318.7 162.1 360.2C159.7 373.1 170.7 384 184 384H328C341.3 384 352.3 373.1 349 360.2C338.5 318.7 300.8 288 256 288z\"><\/path><\/svg><\/div><div class=\"uagb-ifb-title-wrap\"><h3 class=\"uagb-ifb-title\">APARTMAN DA\u0130RES\u0130<\/h3><\/div><div class=\"uagb-ifb-separator\"><\/div><p class=\"uagb-ifb-desc\"> <strong>Kiral\u0131k ve sat\u0131l\u0131k apartman portf\u00f6y\u00fcm\u00fcz; stratejik lokasyonlarda konumlanan, g\u00fc\u00e7l\u00fc kira \u00e7arpan\u0131 ve s\u00fcrd\u00fcr\u00fclebilir de\u011fer art\u0131\u015f\u0131 sunan se\u00e7kin yat\u0131r\u0131m varl\u0131klar\u0131ndan olu\u015fur.<\/strong><br>Her proje; finansal analiz, pazar dinamikleri ve uzun vadeli b\u00fcy\u00fcme perspektifiyle titizlikle de\u011ferlendirilir.<br><\/p><div class=\"uagb-ifb-button-wrapper wp-block-button\"><a href=\"#\" class=\"uagb-infobox-cta-link wp-block-button__link\" target=\"_self\" rel=\"noopener noreferrer\" onclick=\"return false;\"><span class=\"uagb-inline-editing\"><\/span><\/a><\/div><\/div><\/div>\n\n\n\n<div class=\"wp-block-uagb-info-box uagb-block-c63e3261 uagb-infobox__content-wrap  uagb-infobox-icon-above-title uagb-infobox-image-valign-top\"><div class=\"uagb-ifb-content\"><div class=\"uagb-ifb-icon-wrap\"><svg xmlns=\"https:\/\/www.w3.org\/2000\/svg\" viewBox=\"0 0 576 512\"><path d=\"M511.8 287.6L512.5 447.7C512.5 450.5 512.3 453.1 512 455.8V472C512 494.1 494.1 512 472 512H456C454.9 512 453.8 511.1 452.7 511.9C451.3 511.1 449.9 512 448.5 512H392C369.9 512 352 494.1 352 472V384C352 366.3 337.7 352 320 352H256C238.3 352 224 366.3 224 384V472C224 494.1 206.1 512 184 512H128.1C126.6 512 125.1 511.9 123.6 511.8C122.4 511.9 121.2 512 120 512H104C81.91 512 64 494.1 64 472V360C64 359.1 64.03 358.1 64.09 357.2V287.6H32.05C14.02 287.6 0 273.5 0 255.5C0 246.5 3.004 238.5 10.01 231.5L266.4 8.016C273.4 1.002 281.4 0 288.4 0C295.4 0 303.4 2.004 309.5 7.014L416 100.7V64C416 46.33 430.3 32 448 32H480C497.7 32 512 46.33 512 64V185L564.8 231.5C572.8 238.5 576.9 246.5 575.8 255.5C575.8 273.5 560.8 287.6 543.8 287.6L511.8 287.6z\"><\/path><\/svg><\/div><div class=\"uagb-ifb-title-wrap\"><h3 class=\"uagb-ifb-title\">EV<\/h3><\/div><div class=\"uagb-ifb-separator\"><\/div><p class=\"uagb-ifb-desc\"><strong>Kiral\u0131k ve sat\u0131l\u0131k konut portf\u00f6y\u00fcm\u00fcz; se\u00e7kin lokasyonlarda konumlanan, y\u00fcksek de\u011fer art\u0131\u015f\u0131 potansiyeline sahip ve ya\u015fam kalitesini \u00f6n planda tutan \u00f6zel projelerden olu\u015fmaktad\u0131r.<\/strong><br>Her m\u00fclk; hem konforlu bir ya\u015fam alan\u0131 hem de uzun vadeli g\u00fc\u00e7l\u00fc bir yat\u0131r\u0131m f\u0131rsat\u0131 sunar.<\/p><div class=\"uagb-ifb-button-wrapper wp-block-button\"><a href=\"#\" class=\"uagb-infobox-cta-link wp-block-button__link\" target=\"_self\" rel=\"noopener noreferrer\" onclick=\"return false;\"><span class=\"uagb-inline-editing\"><\/span><\/a><\/div><\/div><\/div>\n\n\n\n<div class=\"wp-block-uagb-info-box uagb-block-f883db38 uagb-infobox__content-wrap  uagb-infobox-icon-above-title uagb-infobox-image-valign-top\"><div class=\"uagb-ifb-content\"><div class=\"uagb-ifb-icon-wrap\"><svg xmlns=\"https:\/\/www.w3.org\/2000\/svg\" viewBox=\"0 0 512 512\"><path d=\"M243.4 2.587C251.4-.8625 260.6-.8625 268.6 2.587L492.6 98.59C506.6 104.6 514.4 119.6 511.3 134.4C508.3 149.3 495.2 159.1 479.1 160V168C479.1 181.3 469.3 192 455.1 192H55.1C42.74 192 31.1 181.3 31.1 168V160C16.81 159.1 3.708 149.3 .6528 134.4C-2.402 119.6 5.429 104.6 19.39 98.59L243.4 2.587zM256 128C273.7 128 288 113.7 288 96C288 78.33 273.7 64 256 64C238.3 64 224 78.33 224 96C224 113.7 238.3 128 256 128zM127.1 416H167.1V224H231.1V416H280V224H344V416H384V224H448V420.3C448.6 420.6 449.2 420.1 449.8 421.4L497.8 453.4C509.5 461.2 514.7 475.8 510.6 489.3C506.5 502.8 494.1 512 480 512H31.1C17.9 512 5.458 502.8 1.372 489.3C-2.715 475.8 2.515 461.2 14.25 453.4L62.25 421.4C62.82 420.1 63.41 420.6 63.1 420.3V224H127.1V416z\"><\/path><\/svg><\/div><div class=\"uagb-ifb-title-wrap\"><h3 class=\"uagb-ifb-title\">ofis<\/h3><\/div><div class=\"uagb-ifb-separator\"><\/div><p class=\"uagb-ifb-desc\"><strong>Stratejik lokasyonlarda konumlanan kiral\u0131k ve sat\u0131l\u0131k ofis se\u00e7eneklerimizle, markan\u0131za de\u011fer katan prestijli i\u015f alanlar\u0131 sunuyoruz.<\/strong><br>Bu yaln\u0131zca bir m\u00fclk yat\u0131r\u0131m\u0131 de\u011fil, disiplinli bir portf\u00f6y stratejisidir.<\/p><div class=\"uagb-ifb-button-wrapper wp-block-button\"><a href=\"#\" class=\"uagb-infobox-cta-link wp-block-button__link\" target=\"_self\" rel=\"noopener noreferrer\" onclick=\"return false;\"><span class=\"uagb-inline-editing\">Find Offices<\/span><\/a><\/div><\/div><\/div>\n<\/div><\/div>\n<\/div><\/div>\n\n\n\n<div class=\"wp-block-uagb-container uagb-block-90a407d7 alignfull uagb-is-root-container\"><div class=\"uagb-container-inner-blocks-wrap\">\n<div class=\"wp-block-uagb-advanced-heading uagb-block-9597cbd8\"><h6 class=\"uagb-heading-text\">G\u00fc\u00e7l\u00fc \u0130\u015f Birliklerimiz<\/h6><\/div>\n\n\n\n<div class=\"wp-block-uagb-container uagb-block-06b588ad alignfull uagb-is-root-container\"><div class=\"uagb-container-inner-blocks-wrap\">\n<div class=\"wp-block-uagb-container uagb-block-e730d3dc\">\n<figure class=\"wp-block-image size-full\"><img loading=\"lazy\" decoding=\"async\" width=\"492\" height=\"492\" src=\"https:\/\/northlocusprime.com\/wp-content\/uploads\/2026\/03\/12431_60520fd1b0c09.png\" alt=\"\" class=\"wp-image-1590\" srcset=\"https:\/\/northlocusprime.com\/wp-content\/uploads\/2026\/03\/12431_60520fd1b0c09.png 492w, https:\/\/northlocusprime.com\/wp-content\/uploads\/2026\/03\/12431_60520fd1b0c09-300x300.png 300w, https:\/\/northlocusprime.com\/wp-content\/uploads\/2026\/03\/12431_60520fd1b0c09-150x150.png 150w\" sizes=\"auto, (max-width: 492px) 100vw, 492px\" \/><\/figure>\n<\/div>\n\n\n\n<div class=\"wp-block-uagb-container uagb-block-11edecab\">\n<figure class=\"wp-block-image size-full\"><img loading=\"lazy\" decoding=\"async\" width=\"960\" height=\"960\" src=\"https:\/\/northlocusprime.com\/wp-content\/uploads\/2026\/03\/10411_5d492de1ae4bc.png\" alt=\"\" class=\"wp-image-1591\" srcset=\"https:\/\/northlocusprime.com\/wp-content\/uploads\/2026\/03\/10411_5d492de1ae4bc.png 960w, https:\/\/northlocusprime.com\/wp-content\/uploads\/2026\/03\/10411_5d492de1ae4bc-300x300.png 300w, https:\/\/northlocusprime.com\/wp-content\/uploads\/2026\/03\/10411_5d492de1ae4bc-150x150.png 150w, https:\/\/northlocusprime.com\/wp-content\/uploads\/2026\/03\/10411_5d492de1ae4bc-768x768.png 768w\" sizes=\"auto, (max-width: 960px) 100vw, 960px\" \/><\/figure>\n<\/div>\n\n\n\n<div class=\"wp-block-uagb-container uagb-block-4682ea2a\">\n<figure class=\"wp-block-image size-full\"><img loading=\"lazy\" decoding=\"async\" width=\"225\" height=\"225\" src=\"https:\/\/northlocusprime.com\/wp-content\/uploads\/2026\/03\/images.png\" alt=\"\" class=\"wp-image-1592\" srcset=\"https:\/\/northlocusprime.com\/wp-content\/uploads\/2026\/03\/images.png 225w, https:\/\/northlocusprime.com\/wp-content\/uploads\/2026\/03\/images-150x150.png 150w\" sizes=\"auto, (max-width: 225px) 100vw, 225px\" \/><\/figure>\n<\/div>\n\n\n\n<div class=\"wp-block-uagb-container uagb-block-dad6b17f\">\n<figure class=\"wp-block-image size-full\"><img loading=\"lazy\" decoding=\"async\" width=\"225\" height=\"225\" src=\"https:\/\/northlocusprime.com\/wp-content\/uploads\/2026\/03\/images-2.png\" alt=\"\" class=\"wp-image-1594\" srcset=\"https:\/\/northlocusprime.com\/wp-content\/uploads\/2026\/03\/images-2.png 225w, https:\/\/northlocusprime.com\/wp-content\/uploads\/2026\/03\/images-2-150x150.png 150w\" sizes=\"auto, (max-width: 225px) 100vw, 225px\" \/><\/figure>\n<\/div>\n<\/div><\/div>\n<\/div><\/div>\n\n\n\n<div class=\"wp-block-uagb-container max-width: 850px; margin: 0 auto; uagb-block-f6e18d6d alignfull uagb-is-root-container\"><div class=\"uagb-container-inner-blocks-wrap\">\n<div class=\"wp-block-uagb-container uagb-block-9cfe670f\"><div class=\"uagb-container__shape uagb-container__shape-top\"><svg xmlns=\"https:\/\/www.w3.org\/2000\/svg\" viewBox=\"0 0 2600 131.1\" preserveAspectRatio=\"none\"><path class=\"uagb-container__shape-fill\" d=\"M0 0L2600 0 2600 69.1 0 0z\"><\/path><path class=\"uagb-container__shape-fill\" opacity=\"0.5\" d=\"M0 0L2600 0 2600 69.1 0 69.1z\"><\/path><path class=\"uagb-container__shape-fill\" opacity=\"0.25\" d=\"M2600 0L0 0 0 130.1 2600 69.1z\"><\/path><\/svg><\/div>\n<div class=\"wp-block-uagb-info-box uagb-block-0caffbd1 uagb-infobox__content-wrap  uagb-infobox-icon-above-title uagb-infobox-image-valign-top\"><div class=\"uagb-ifb-content\"><div class=\"uagb-ifb-icon-wrap\"><svg xmlns=\"https:\/\/www.w3.org\/2000\/svg\" viewBox=\"0 0 512 512\"><path d=\"M0 256C0 114.6 114.6 0 256 0C397.4 0 512 114.6 512 256C512 397.4 397.4 512 256 512C114.6 512 0 397.4 0 256zM371.8 211.8C382.7 200.9 382.7 183.1 371.8 172.2C360.9 161.3 343.1 161.3 332.2 172.2L224 280.4L179.8 236.2C168.9 225.3 151.1 225.3 140.2 236.2C129.3 247.1 129.3 264.9 140.2 275.8L204.2 339.8C215.1 350.7 232.9 350.7 243.8 339.8L371.8 211.8z\"><\/path><\/svg><\/div><div class=\"uagb-ifb-title-wrap\"><h3 class=\"uagb-ifb-title\">YARDIMA MI \u0130HT\u0130YACINIZ VAR ?<\/h3><\/div><p class=\"uagb-ifb-desc\"><br>B\u0130Z\u0130MLE \u0130LET\u0130\u015e\u0130ME GE\u00c7\u0130N<\/p><\/div><\/div>\n\n\n<div class=\"wpforms-container wpforms-block wpforms-block-01d47d87-cc90-4918-9f49-27e0d2c942a6\" id=\"wpforms-1614\"><form id=\"wpforms-form-1614\" class=\"wpforms-validate wpforms-form wpforms-ajax-form\" data-formid=\"1614\" method=\"post\" enctype=\"multipart\/form-data\" action=\"\/index.php?rest_route=%2Fwp%2Fv2%2Fpages%2F498\" data-token=\"774d4e839f9ddb1683765e1844437e05\" data-token-time=\"1776562980\"><noscript class=\"wpforms-error-noscript\">Bu formu bitirebilmek i\u00e7in taray\u0131c\u0131n\u0131zda JavaScript&#039;i etkinle\u015ftirin.<\/noscript><div class=\"wpforms-field-container\">\t\t<div id=\"wpforms-1614-field_4-container\"\n\t\t\tclass=\"wpforms-field wpforms-field-text\"\n\t\t\tdata-field-type=\"text\"\n\t\t\tdata-field-id=\"4\"\n\t\t\t>\n\t\t\t<label class=\"wpforms-field-label\" for=\"wpforms-1614-field_4\" >Mesaj veya Ad\u0131<\/label>\n\t\t\t<input type=\"text\" id=\"wpforms-1614-field_4\" class=\"wpforms-field-medium\" name=\"wpforms[fields][4]\" >\n\t\t<\/div>\n\t\t<div id=\"wpforms-1614-field_1-container\" class=\"wpforms-field wpforms-field-name\" data-field-id=\"1\"><label class=\"wpforms-field-label\">Ad\u0131 Soyad\u0131 <span class=\"wpforms-required-label\">*<\/span><\/label><div class=\"wpforms-field-row wpforms-field-medium\"><div class=\"wpforms-field-row-block wpforms-first wpforms-one-half\"><input type=\"text\" id=\"wpforms-1614-field_1\" class=\"wpforms-field-name-first wpforms-field-required\" name=\"wpforms[fields][1][first]\" required><label for=\"wpforms-1614-field_1\" class=\"wpforms-field-sublabel after\">Ad<\/label><\/div><div class=\"wpforms-field-row-block wpforms-one-half\"><input type=\"text\" id=\"wpforms-1614-field_1-last\" class=\"wpforms-field-name-last wpforms-field-required\" name=\"wpforms[fields][1][last]\" required><label for=\"wpforms-1614-field_1-last\" class=\"wpforms-field-sublabel after\">Soyad<\/label><\/div><\/div><\/div><div id=\"wpforms-1614-field_2-container\" class=\"wpforms-field wpforms-field-email\" data-field-id=\"2\"><label class=\"wpforms-field-label\" for=\"wpforms-1614-field_2\">E-posta <span class=\"wpforms-required-label\">*<\/span><\/label><input type=\"email\" id=\"wpforms-1614-field_2\" class=\"wpforms-field-medium wpforms-field-required\" name=\"wpforms[fields][2]\" spellcheck=\"false\" required><\/div><div id=\"wpforms-1614-field_3-container\" class=\"wpforms-field wpforms-field-textarea\" data-field-id=\"3\"><label class=\"wpforms-field-label\" for=\"wpforms-1614-field_3\">Yorum veya Mesaj<\/label><textarea id=\"wpforms-1614-field_3\" class=\"wpforms-field-medium\" name=\"wpforms[fields][3]\" ><\/textarea><\/div><script>\n\t\t\t\t( function() {\n\t\t\t\t\tconst style = document.createElement( 'style' );\n\t\t\t\t\tstyle.appendChild( document.createTextNode( '#wpforms-1614-field_4-container { position: absolute !important; overflow: hidden !important; display: inline !important; height: 1px !important; width: 1px !important; z-index: -1000 !important; padding: 0 !important; } #wpforms-1614-field_4-container input { visibility: hidden; } #wpforms-conversational-form-page #wpforms-1614-field_4-container label { counter-increment: none; }' ) );\n\t\t\t\t\tdocument.head.appendChild( style );\n\t\t\t\t\tdocument.currentScript?.remove();\n\t\t\t\t} )();\n\t\t\t<\/script><\/div><!-- .wpforms-field-container --><div class=\"wpforms-submit-container\" ><input type=\"hidden\" name=\"wpforms[id]\" value=\"1614\"><input type=\"hidden\" name=\"page_title\" value=\"\"><input type=\"hidden\" name=\"page_url\" value=\"https:\/\/northlocusprime.com\/index.php?rest_route=\/wp\/v2\/pages\/498\"><input type=\"hidden\" name=\"url_referer\" value=\"\"><button type=\"submit\" name=\"wpforms[submit]\" id=\"wpforms-submit-1614\" class=\"wpforms-submit\" data-alt-text=\"G\u00f6nderiliyor...\" data-submit-text=\"G\u00f6nder\" aria-live=\"assertive\" value=\"wpforms-submit\">G\u00f6nder<\/button><img loading=\"lazy\" decoding=\"async\" src=\"https:\/\/northlocusprime.com\/wp-content\/plugins\/wpforms-lite\/assets\/images\/submit-spin.svg\" class=\"wpforms-submit-spinner\" style=\"display: none;\" width=\"26\" height=\"26\" alt=\"Y\u00fckleniyor\"><\/div><\/form><\/div>  <!-- .wpforms-container --><\/div>\n<\/div><\/div>\n\n\n\n<p><\/p>\n","protected":false},"excerpt":{"rendered":"<p>G\u00fc\u00e7l\u00fc \u0130\u015f Birliklerimiz<\/p>\n","protected":false},"author":1,"featured_media":0,"parent":0,"menu_order":0,"comment_status":"closed","ping_status":"closed","template":"","meta":{"_uag_custom_page_level_css":"","site-sidebar-layout":"default","site-content-layout":"plain-container","ast-site-content-layout":"normal-width-container","site-content-style":"unboxed","site-sidebar-style":"unboxed","ast-global-header-display":"","ast-banner-title-visibility":"","ast-main-header-display":"","ast-hfb-above-header-display":"","ast-hfb-below-header-display":"","ast-hfb-mobile-header-display":"","site-post-title":"","ast-breadcrumbs-content":"","ast-featured-img":"","footer-sml-layout":"","ast-disable-related-posts":"","theme-transparent-header-meta":"enabled","adv-header-id-meta":"","stick-header-meta":"","header-above-stick-meta":"","header-main-stick-meta":"","header-below-stick-meta":"","astra-migrate-meta-layouts":"set","ast-page-background-enabled":"default","ast-page-background-meta":{"desktop":{"background-color":"var(--ast-global-color-5)","background-image":"","background-repeat":"repeat","background-position":"center center","background-size":"auto","background-attachment":"scroll","background-type":"","background-media":"","overlay-type":"","overlay-color":"","overlay-opacity":"","overlay-gradient":""},"tablet":{"background-color":"","background-image":"","background-repeat":"repeat","background-position":"center center","background-size":"auto","background-attachment":"scroll","background-type":"","background-media":"","overlay-type":"","overlay-color":"","overlay-opacity":"","overlay-gradient":""},"mobile":{"background-color":"","background-image":"","background-repeat":"repeat","background-position":"center center","background-size":"auto","background-attachment":"scroll","background-type":"","background-media":"","overlay-type":"","overlay-color":"","overlay-opacity":"","overlay-gradient":""}},"ast-content-background-meta":{"desktop":{"background-color":"var(--ast-global-color-4)","background-image":"","background-repeat":"repeat","background-position":"center center","background-size":"auto","background-attachment":"scroll","background-type":"","background-media":"","overlay-type":"","overlay-color":"","overlay-opacity":"","overlay-gradient":""},"tablet":{"background-color":"var(--ast-global-color-4)","background-image":"","background-repeat":"repeat","background-position":"center center","background-size":"auto","background-attachment":"scroll","background-type":"","background-media":"","overlay-type":"","overlay-color":"","overlay-opacity":"","overlay-gradient":""},"mobile":{"background-color":"var(--ast-global-color-4)","background-image":"","background-repeat":"repeat","background-position":"center center","background-size":"auto","background-attachment":"scroll","background-type":"","background-media":"","overlay-type":"","overlay-color":"","overlay-opacity":"","overlay-gradient":""}},"footnotes":""},"class_list":["post-498","page","type-page","status-publish","hentry"],"_hostinger_reach_plugin_has_subscription_block":false,"_hostinger_reach_plugin_is_elementor":false,"uagb_featured_image_src":{"full":false,"thumbnail":false,"medium":false,"medium_large":false,"large":false,"1536x1536":false,"2048x2048":false},"uagb_author_info":{"display_name":"alionuredis@gmail.com","author_link":"https:\/\/northlocusprime.com\/author\/alionuredisgmail-com"},"uagb_comment_info":0,"uagb_excerpt":"G\u00fc\u00e7l\u00fc \u0130\u015f Birliklerimiz","_links":{"self":[{"href":"https:\/\/northlocusprime.com\/index.php?rest_route=\/wp\/v2\/pages\/498","targetHints":{"allow":["GET"]}}],"collection":[{"href":"https:\/\/northlocusprime.com\/index.php?rest_route=\/wp\/v2\/pages"}],"about":[{"href":"https:\/\/northlocusprime.com\/index.php?rest_route=\/wp\/v2\/types\/page"}],"author":[{"embeddable":true,"href":"https:\/\/northlocusprime.com\/index.php?rest_route=\/wp\/v2\/users\/1"}],"replies":[{"embeddable":true,"href":"https:\/\/northlocusprime.com\/index.php?rest_route=%2Fwp%2Fv2%2Fcomments&post=498"}],"version-history":[{"count":81,"href":"https:\/\/northlocusprime.com\/index.php?rest_route=\/wp\/v2\/pages\/498\/revisions"}],"predecessor-version":[{"id":1631,"href":"https:\/\/northlocusprime.com\/index.php?rest_route=\/wp\/v2\/pages\/498\/revisions\/1631"}],"wp:attachment":[{"href":"https:\/\/northlocusprime.com\/index.php?rest_route=%2Fwp%2Fv2%2Fmedia&parent=498"}],"curies":[{"name":"wp","href":"https:\/\/api.w.org\/{rel}","templated":true}]}}